{"id":102156,"date":"2025-02-27T12:54:19","date_gmt":"2025-02-27T11:54:19","guid":{"rendered":"https:\/\/molsbjergecamping.dk\/campingplatz\/"},"modified":"2025-03-05T09:20:38","modified_gmt":"2025-03-05T08:20:38","slug":"campingplatz","status":"publish","type":"page","link":"https:\/\/molsbjergecamping.dk\/de\/campingplatz\/","title":{"rendered":"Campingplatz"},"content":{"rendered":"<p>[et_pb_section fb_built=&#8220;1&#8243; _builder_version=&#8220;4.27.4&#8243; _module_preset=&#8220;default&#8220; use_background_color_gradient=&#8220;on&#8220; background_color_gradient_direction=&#8220;45deg&#8220; background_color_gradient_stops=&#8220;rgba(0,0,0,0.6) 0%|rgba(0,0,0,0.6) 100%&#8220; background_color_gradient_overlays_image=&#8220;on&#8220; background_image=&#8220;https:\/\/molsbjergecamping.dk\/wp-content\/uploads\/2025\/01\/Krakaer-Camping-43.jpg&#8220; height=&#8220;400px&#8220; height_tablet=&#8220;350px&#8220; height_phone=&#8220;350px&#8220; height_last_edited=&#8220;on|tablet&#8220; global_colors_info=&#8220;{}&#8220;][et_pb_row _builder_version=&#8220;4.17.3&#8243; _module_preset=&#8220;default&#8220; custom_padding=&#8220;||0px||false|false&#8220; global_colors_info=&#8220;{}&#8220;][et_pb_column type=&#8220;4_4&#8243; _builder_version=&#8220;4.17.3&#8243; _module_preset=&#8220;default&#8220; global_colors_info=&#8220;{}&#8220;][et_pb_text _builder_version=&#8220;4.27.4&#8243; _module_preset=&#8220;default&#8220; header_font=&#8220;||||||||&#8220; header_text_color=&#8220;#FFFFFF&#8220; header_2_text_color=&#8220;#FFFFFF&#8220; custom_margin=&#8220;||0px||false|false&#8220; border_color_all=&#8220;gcid-7ce7b00a-a0f7-4559-8af2-0adef5afd391&#8243; global_colors_info=&#8220;{%22gcid-7ce7b00a-a0f7-4559-8af2-0adef5afd391%22:%91%22border_color_all%22%93}&#8220;]<\/p>\n<h1>Campingplatz inmitten der sch\u00f6nen Natur von Djursland<\/h1>\n<p>[\/et_pb_text][\/et_pb_column][\/et_pb_row][et_pb_row _builder_version=&#8220;4.17.3&#8243; _module_preset=&#8220;default&#8220; custom_padding=&#8220;0px||||false|false&#8220; global_colors_info=&#8220;{}&#8220;][et_pb_column type=&#8220;4_4&#8243; _builder_version=&#8220;4.17.3&#8243; _module_preset=&#8220;default&#8220; global_colors_info=&#8220;{}&#8220;][et_pb_divider color=&#8220;gcid-7ce7b00a-a0f7-4559-8af2-0adef5afd391&#8243; _builder_version=&#8220;4.17.3&#8243; _module_preset=&#8220;default&#8220; height=&#8220;0px&#8220; custom_margin=&#8220;||0px||false|false&#8220; custom_padding=&#8220;||||false|false&#8220; global_colors_info=&#8220;{%22gcid-7ce7b00a-a0f7-4559-8af2-0adef5afd391%22:%91%22border_color_right%22,%22color%22%93}&#8220;][\/et_pb_divider][et_pb_divider show_divider=&#8220;off&#8220; admin_label=&#8220;Point right bottom&#8220; module_class=&#8220;dot-right-bottom sub-page-dot&#8220; _builder_version=&#8220;4.17.3&#8243; _module_preset=&#8220;default&#8220; height=&#8220;25px&#8220; border_width_right=&#8220;1px&#8220; border_color_right=&#8220;gcid-7ce7b00a-a0f7-4559-8af2-0adef5afd391&#8243; global_colors_info=&#8220;{%22gcid-7ce7b00a-a0f7-4559-8af2-0adef5afd391%22:%91%22border_color_right%22%93}&#8220;][\/et_pb_divider][\/et_pb_column][\/et_pb_row][\/et_pb_section][et_pb_section fb_built=&#8220;1&#8243; _builder_version=&#8220;4.27.3&#8243; _module_preset=&#8220;default&#8220; background_image=&#8220;https:\/\/molsbjergecamping.dk\/wp-content\/uploads\/2024\/10\/corner-dots-left-top.png&#8220; background_size=&#8220;initial&#8220; background_position=&#8220;top_left&#8220; background_last_edited=&#8220;on|tablet&#8220; background_enable_image_tablet=&#8220;off&#8220; global_colors_info=&#8220;{}&#8220;][et_pb_row column_structure=&#8220;1_2,1_2&#8243; _builder_version=&#8220;4.17.3&#8243; _module_preset=&#8220;default&#8220; custom_padding=&#8220;50px||35px||false|false&#8220; global_colors_info=&#8220;{}&#8220;][et_pb_column type=&#8220;1_2&#8243; _builder_version=&#8220;4.17.3&#8243; _module_preset=&#8220;default&#8220; custom_padding=&#8220;25px||||false|false&#8220; global_colors_info=&#8220;{}&#8220;][et_pb_text _builder_version=&#8220;4.27.4&#8243; _module_preset=&#8220;default&#8220; text_font=&#8220;||||||||&#8220; text_line_height=&#8220;1.8em&#8220; global_colors_info=&#8220;{}&#8220;]<\/p>\n<p>M\u00f6chten Sie lieber in einem Zelt \u00fcbernachten, ungest\u00f6rt in einem Wohnwagen schlafen oder sich in einer H\u00fctte mit eigener Toilette entspannen? Auf Mols Bjerge Camping in der N\u00e4he von Ebeltoft haben Sie die Qual der Wahl. So k\u00f6nnen Sie ganz einfach den Campingurlaub planen, den Sie sich w\u00fcnschen.  <\/p>\n<p>Sie finden unseren Campingplatz im Zentrum des einzigartigen Naturgebiets von Mols Bjerge. Hier sind Sie weit weg vom L\u00e4rm der Stadt und den Sorgen des Alltags. F\u00fcllen Sie Ihre Urlaubstage stattdessen mit Wandern, Schwimmen im beheizten Swimmingpool oder dem Eintauchen in ein gutes Buch. Auf unserem Campingplatz ist sowohl Platz f\u00fcr aktive als auch f\u00fcr entspannte Stunden.   <\/p>\n<p>Feriengast, Saisongast, Dauerbewohner. Jeder ist willkommen, um unvergessliche Urlaubserlebnisse in Djursland zu genie\u00dfen, wobei das gem\u00fctliche Campingleben im Mittelpunkt steht. Und wenn Sie einen Hund haben, darf er nat\u00fcrlich auch mitkommen.  <\/p>\n<p>[\/et_pb_text][\/et_pb_column][et_pb_column type=&#8220;1_2&#8243; _builder_version=&#8220;4.17.3&#8243; _module_preset=&#8220;default&#8220; global_colors_info=&#8220;{}&#8220;][et_pb_image src=&#8220;https:\/\/molsbjergecamping.dk\/wp-content\/uploads\/2025\/02\/Fastligger-002_1-scaled-1-1.jpg&#8220; title_text=&#8220;Fastligger-002_1-skaliert (1) (1)&#8220; _builder_version=&#8220;4.27.4&#8243; _module_preset=&#8220;default&#8220; animation_style=&#8220;slide&#8220; animation_direction=&#8220;right&#8220; animation_duration=&#8220;1500ms&#8220; animation_delay=&#8220;100ms&#8220; animation_intensity_slide=&#8220;5%&#8220; global_colors_info=&#8220;{}&#8220;][\/et_pb_image][\/et_pb_column][\/et_pb_row][\/et_pb_section][et_pb_section fb_built=&#8220;1&#8243; _builder_version=&#8220;4.27.3&#8243; _module_preset=&#8220;default&#8220; global_colors_info=&#8220;{}&#8220;][et_pb_row column_structure=&#8220;1_2,1_2&#8243; _builder_version=&#8220;4.27.3&#8243; _module_preset=&#8220;default&#8220; global_colors_info=&#8220;{}&#8220;][et_pb_column type=&#8220;1_2&#8243; _builder_version=&#8220;4.27.3&#8243; _module_preset=&#8220;default&#8220; global_colors_info=&#8220;{}&#8220;][et_pb_image src=&#8220;https:\/\/molsbjergecamping.dk\/wp-content\/uploads\/2025\/01\/Krakaer-Camping-50.jpg&#8220; title_text=&#8220;Krakaer Camping-50&#8243; disabled_on=&#8220;on|on|off&#8220; _builder_version=&#8220;4.27.4&#8243; _module_preset=&#8220;default&#8220; global_colors_info=&#8220;{}&#8220;][\/et_pb_image][\/et_pb_column][et_pb_column type=&#8220;1_2&#8243; _builder_version=&#8220;4.27.3&#8243; _module_preset=&#8220;default&#8220; global_colors_info=&#8220;{}&#8220;][et_pb_heading title=&#8220;Urlaub in malerischer Umgebung&#8220; _builder_version=&#8220;4.27.4&#8243; _module_preset=&#8220;default&#8220; title_level=&#8220;h4&#8243; title_text_align=&#8220;left&#8220; global_colors_info=&#8220;{}&#8220;][\/et_pb_heading][et_pb_text _builder_version=&#8220;4.27.4&#8243; _module_preset=&#8220;default&#8220; global_colors_info=&#8220;{}&#8220;]<\/p>\n<p>Djursland ist eine der sch\u00f6nsten Gegenden D\u00e4nemarks. Die Spitze J\u00fctlands ist von Meer umgeben, so dass Sie schnell Zugang zu herrlichen Blauwassererlebnissen haben. Fahren Sie nach Ahl Strand, Vib\u00e6k Strand oder Boeslum Strand, wo Sie ein paar Stunden am Wasser verbringen k\u00f6nnen. Oder genie\u00dfen Sie die sch\u00f6ne Aussicht auf das Meer und die Bucht, die Sie an unz\u00e4hligen Orten in Djursland finden.   <\/p>\n<p>Der Nationalpark Mols Bjerge erstreckt sich \u00fcber ein gro\u00dfes Gebiet an der S\u00fcdseite von Djursland. Hier k\u00f6nnen Sie Ihre Wanderschuhe anziehen und eine der vielen Wanderrouten absolvieren, die sich durch das h\u00fcgelige Terrain schl\u00e4ngeln. Entlang der Route k\u00f6nnen Sie eine reiche Tierwelt, gro\u00dfe Waldgebiete und wilde Vegetation erleben. Ein wahrhaftiges Naturerlebnis, das Sie sich g\u00f6nnen sollten, wenn Sie unseren Campingplatz besuchen.   <\/p>\n<p>[\/et_pb_text][\/et_pb_column][\/et_pb_row][et_pb_row column_structure=&#8220;1_2,1_2&#8243; _builder_version=&#8220;4.27.4&#8243; _module_preset=&#8220;default&#8220; global_colors_info=&#8220;{}&#8220;][et_pb_column type=&#8220;1_2&#8243; _builder_version=&#8220;4.27.3&#8243; _module_preset=&#8220;default&#8220; global_colors_info=&#8220;{}&#8220;][et_pb_heading title=&#8220;Beheiztes Schwimmbad und lustige Sommeraktivit\u00e4ten&#8220; _builder_version=&#8220;4.27.4&#8243; _module_preset=&#8220;default&#8220; title_level=&#8220;h4&#8243; global_colors_info=&#8220;{}&#8220;][\/et_pb_heading][et_pb_text _builder_version=&#8220;4.27.4&#8243; _module_preset=&#8220;default&#8220; global_colors_info=&#8220;{}&#8220;]<\/p>\n<p>Auf unserem gem\u00fctlichen Campingplatz gibt es viel Platz, um zusammen zu sein. Mit der Familie, den Nachbarn und Freunden. Es gibt viel zu tun, so dass jeder mit einem tollen Erlebnis nach Hause geht.  <\/p>\n<p>Auf dem Campingplatz Mols Bjerge finden Sie eine Vielzahl von Einrichtungen, die Ihnen Ihren Campingurlaub vers\u00fc\u00dfen:<\/p>\n<ul>\n<li>Beheiztes Schwimmbad<\/li>\n<li>Spielplatz, H\u00fcpfburgen und Minigolf<\/li>\n<li>Kiosk und gem\u00fctliches Caf\u00e9 mit leckerem Essen.<\/li>\n<\/ul>\n<p>Im Sommer k\u00f6nnen Sie sich auch auf lustige Sommeraktivit\u00e4ten f\u00fcr alle G\u00e4ste und Stammg\u00e4ste des Campingplatzes freuen. Besuchen Sie unsere Kreativwerkstatt, singen Sie mit, wenn wir Sie zu einer Musiknacht einladen oder lassen Sie die Kinder bei der Poolparty toben. <\/p>\n<p>Sie k\u00f6nnen<a href=\"https:\/\/molsbjergecamping.dk\/pladsen\/aktiviteter\/\">den<\/a><span> <\/span>Aktivit\u00e4tskalender<span> <\/span>hier finden.<\/p>\n<p>[\/et_pb_text][\/et_pb_column][et_pb_column type=&#8220;1_2&#8243; _builder_version=&#8220;4.27.3&#8243; _module_preset=&#8220;default&#8220; global_colors_info=&#8220;{}&#8220;][et_pb_image src=&#8220;https:\/\/molsbjergecamping.dk\/wp-content\/uploads\/2025\/02\/Krakaer-Camping-7.jpg&#8220; title_text=&#8220;Krakaer Camping-7&#8243; _builder_version=&#8220;4.27.4&#8243; _module_preset=&#8220;default&#8220; locked=&#8220;off&#8220; global_colors_info=&#8220;{}&#8220;][\/et_pb_image][\/et_pb_column][\/et_pb_row][et_pb_row _builder_version=&#8220;4.27.4&#8243; _module_preset=&#8220;default&#8220; global_colors_info=&#8220;{}&#8220;][et_pb_column type=&#8220;4_4&#8243; _builder_version=&#8220;4.27.4&#8243; _module_preset=&#8220;default&#8220; global_colors_info=&#8220;{}&#8220;][et_pb_text _builder_version=&#8220;4.27.4&#8243; _module_preset=&#8220;default&#8220; hover_enabled=&#8220;0&#8243; global_colors_info=&#8220;{}&#8220; sticky_enabled=&#8220;0&#8243;]<\/p>\n<div class=\"elementor-element elementor-element-b31806a elementor-widget elementor-widget-heading\" data-id=\"b31806a\" data-element_type=\"widget\" data-widget_type=\"heading.default\">\n<div class=\"elementor-widget-container\">\n<h2 class=\"elementor-heading-title elementor-size-default\">Bevorzugen Sie ein Zelt, einen Wohnwagen oder eine H\u00fctte?<\/h2>\n<\/div>\n<\/div>\n<div class=\"elementor-element elementor-element-3d39dd0 elementor-widget elementor-widget-text-editor\" data-id=\"3d39dd0\" data-element_type=\"widget\" data-widget_type=\"text-editor.default\">\n<div class=\"elementor-widget-container\">\n<p>Auf einem Campingplatz haben Sie die M\u00f6glichkeit, die Art von Urlaub zu w\u00e4hlen, die Sie bevorzugen. Manche Menschen bevorzugen einen Urlaub im Zelt. Viele bevorzugen einen Wohnwagen oder ein Wohnmobil mit einer K\u00fcche, einer Toilette und Platz f\u00fcr geselliges Beisammensein. Andere wiederum ziehen es vor, in Campingh\u00fctten mit guten Toiletten- und Duscheinrichtungen, einer Terrasse und zus\u00e4tzlicher Privatsph\u00e4re zu schlafen. Sie haben die Wahl.    <\/p>\n<p>Auf Mols Bjerge Camping bieten wir drei verschiedene Arten von<span> <\/span><a href=\"https:\/\/molsbjergecamping.dk\/hytter\/\">Campingh\u00fctten<\/a> an:<\/p>\n<ul>\n<li>Strandkabinen (6+2 Personen)<\/li>\n<li>Porsk\u00e6r-Kabinen (4+2 Personen)<\/li>\n<li>Dreierkabinen &#8211; ohne eigene Toilette und Dusche (4 Personen).<\/li>\n<\/ul>\n<p>Die Campingh\u00fctten sind gut auf dem Campingplatz gelegen. Sie befinden sich in der N\u00e4he des Spielplatzes, der Trampoline, der H\u00fcpfburg und des Schwimmbads. <\/p>\n<\/div>\n<\/div>\n<div class=\"elementor-element elementor-element-1ab40f52 elementor-widget elementor-widget-heading\" data-id=\"1ab40f52\" data-element_type=\"widget\" data-widget_type=\"heading.default\">\n<div class=\"elementor-widget-container\">\n<h2 class=\"elementor-heading-title elementor-size-default\">Gehen Sie auf ein Abenteuer im atemberaubenden Djursland<\/h2>\n<\/div>\n<\/div>\n<div class=\"elementor-element elementor-element-140aac4a elementor-widget elementor-widget-text-editor\" data-id=\"140aac4a\" data-element_type=\"widget\" data-widget_type=\"text-editor.default\">\n<div class=\"elementor-widget-container\">\n<p>Es ist keine \u00dcberraschung, dass sich viele Menschen f\u00fcr einen Urlaub in Djursland entscheiden. An der Nase von J\u00fctland gibt es etwas f\u00fcr die ganze Familie &#8211; Kinder, Erwachsene und Senioren gleicherma\u00dfen. Sie werden \u00fcberall gro\u00dfartige Naturerlebnisse haben. Erkunden Sie den Naturpark Mols Bjerge mit Wanderschuhen an den F\u00fc\u00dfen. Entdecken Sie die verwinkelten Stra\u00dfen von Ebeltoft, die von Geschichte und j\u00fctl\u00e4ndischem Charme durchdrungen sind. Oder nehmen Sie die ganze Familie mit ins Djurs Sommerland, wo Lachen und Nervenkitzel garantiert sind.     <\/p>\n<p>Buchen Sie einen Urlaub auf unserem Campingplatz in der N\u00e4he von Ebeltoft und unternehmen Sie wunderbare Ausfl\u00fcge zu den vielen Attraktionen Djurslands:<\/p>\n<ul>\n<li>Mols Bjerge National Park<\/li>\n<li>Djurs Sommerland<\/li>\n<li>Fregatte J\u00fctland<\/li>\n<li>Kattegat Zentrum<\/li>\n<li>Ree Park Safari<\/li>\n<li>Burgruine Kal\u00f8.<\/li>\n<\/ul>\n<\/div>\n<\/div>\n<div class=\"elementor-element elementor-element-50453252 elementor-widget elementor-widget-heading\" data-id=\"50453252\" data-element_type=\"widget\" data-widget_type=\"heading.default\">\n<div class=\"elementor-widget-container\">\n<h2 class=\"elementor-heading-title elementor-size-default\">Buchen Sie einen Saisonplatz auf unserem Campingplatz &#8211; wir sind ganzj\u00e4hrig ge\u00f6ffnet<\/h2>\n<\/div>\n<\/div>\n<div class=\"elementor-element elementor-element-7ddd1a9d elementor-widget elementor-widget-text-editor\" data-id=\"7ddd1a9d\" data-element_type=\"widget\" data-widget_type=\"text-editor.default\">\n<div class=\"elementor-widget-container\">\n<p>Willkommen auf unserem sch\u00f6nen Campingplatz, der Platz f\u00fcr Urlauber, Saisong\u00e4ste und treue Stammg\u00e4ste bietet. Stammcamper w\u00e4hlen uns als dauerhafte Basis, auf der sie mehrere Saisons hintereinander Urlaube und Wochenenden verbringen. Der Platz ist das ganze Jahr \u00fcber ge\u00f6ffnet, so dass Sie zwischen vier Jahreszeiten w\u00e4hlen k\u00f6nnen.  <\/p>\n<p>&nbsp;<\/p>\n<p>Camping wird oft mit Sonne und Sommer assoziiert. Aber Camping ist etwas ganz Besonderes, wenn die K\u00e4lte kommt. Hier k\u00f6nnen Sie sich mit Ihren Enkelkindern im beheizten Vorzelt entspannen, w\u00e4hrend Sie drau\u00dfen den Schnee fallen sehen. Auch die Natur rund um den Campingplatz ist in den kalten Monaten besonders sch\u00f6n. Wenn Sie Fragen zum Camping in der Wintersaison haben, k\u00f6nnen Sie sich jederzeit an uns wenden.    <\/p>\n<p>&nbsp;<\/p>\n<p>Sind Sie \u00fcber 55 Jahre alt? Dann haben Sie die M\u00f6glichkeit, die Nebensaison zu Ihrem Vorteil zu nutzen. Wir haben spezielle  <span> <\/span><a href=\"https:\/\/molsbjergecamping.dk\/tilbud\/seniorcamping\/\">Seniorenangebot<\/a>, das Senioren die M\u00f6glichkeit gibt, in der Nebensaison die Ruhe und die Gemeinschaft zu genie\u00dfen. Leider ist dieses Angebot w\u00e4hrend der Schulsommerferien nicht verf\u00fcgbar. <\/p>\n<\/div>\n<\/div>\n<p>[\/et_pb_text][\/et_pb_column][\/et_pb_row][\/et_pb_section]<\/p>\n","protected":false},"excerpt":{"rendered":"<p>Campingplatz inmitten der sch\u00f6nen Natur von DjurslandM\u00f6chten Sie lieber in einem Zelt \u00fcbernachten, ungest\u00f6rt in einem Wohnwagen schlafen oder sich in einer H\u00fctte mit eigener Toilette entspannen? Auf Mols Bjerge Camping in der N\u00e4he von Ebeltoft haben Sie die Qual der Wahl. So k\u00f6nnen Sie ganz einfach den Campingurlaub planen, den Sie sich w\u00fcnschen. Sie [&hellip;]<\/p>\n","protected":false},"author":4,"featured_media":0,"parent":0,"menu_order":0,"comment_status":"closed","ping_status":"closed","template":"","meta":{"_et_pb_use_builder":"on","_et_pb_old_content":"","_et_gb_content_width":"","footnotes":""},"folder":[],"class_list":["post-102156","page","type-page","status-publish","hentry"],"yoast_head":"<!-- This site is optimized with the Yoast SEO plugin v27.4 - https:\/\/yoast.com\/product\/yoast-seo-wordpress\/ -->\n<title>Campingplatz inmitten der wundersch\u00f6nen Natur von Djursland | Mols Bjerge Camping<\/title>\n<meta name=\"description\" content=\"Erleben Sie Camping in Djursland auf Mols Bjerge Camping in der N\u00e4he von Ebeltoft. Genie\u00dfen Sie die Natur von Mols Bjerge, unsere Einrichtungen wie den beheizten Pool und Minigolf sowie Aktivit\u00e4ten f\u00fcr die ganze Familie. Buchen Sie jetzt!\" \/>\n<meta name=\"robots\" content=\"index, follow, max-snippet:-1, max-image-preview:large, max-video-preview:-1\" \/>\n<link rel=\"canonical\" href=\"https:\/\/molsbjergecamping.dk\/de\/campingplatz\/\" \/>\n<meta property=\"og:locale\" content=\"de_DE\" \/>\n<meta property=\"og:type\" content=\"article\" \/>\n<meta property=\"og:title\" content=\"Campingplatz inmitten der wundersch\u00f6nen Natur von Djursland | Mols Bjerge Camping\" \/>\n<meta property=\"og:description\" content=\"Erleben Sie Camping in Djursland auf Mols Bjerge Camping in der N\u00e4he von Ebeltoft. Genie\u00dfen Sie die Natur von Mols Bjerge, unsere Einrichtungen wie den beheizten Pool und Minigolf sowie Aktivit\u00e4ten f\u00fcr die ganze Familie. Buchen Sie jetzt!\" \/>\n<meta property=\"og:url\" content=\"https:\/\/molsbjergecamping.dk\/de\/campingplatz\/\" \/>\n<meta property=\"og:site_name\" content=\"Mols Bjerge Camping\" \/>\n<meta property=\"article:modified_time\" content=\"2025-03-05T08:20:38+00:00\" \/>\n<meta name=\"twitter:card\" content=\"summary_large_image\" \/>\n<meta name=\"twitter:label1\" content=\"Gesch\u00e4tzte Lesezeit\" \/>\n\t<meta name=\"twitter:data1\" content=\"8\u00a0Minuten\" \/>\n<script type=\"application\/ld+json\" class=\"yoast-schema-graph\">{\"@context\":\"https:\\\/\\\/schema.org\",\"@graph\":[{\"@type\":\"WebPage\",\"@id\":\"https:\\\/\\\/molsbjergecamping.dk\\\/de\\\/campingplatz\\\/\",\"url\":\"https:\\\/\\\/molsbjergecamping.dk\\\/de\\\/campingplatz\\\/\",\"name\":\"Campingplatz inmitten der wundersch\u00f6nen Natur von Djursland | Mols Bjerge Camping\",\"isPartOf\":{\"@id\":\"https:\\\/\\\/molsbjergecamping.dk\\\/de\\\/#website\"},\"datePublished\":\"2025-02-27T11:54:19+00:00\",\"dateModified\":\"2025-03-05T08:20:38+00:00\",\"description\":\"Erleben Sie Camping in Djursland auf Mols Bjerge Camping in der N\u00e4he von Ebeltoft. Genie\u00dfen Sie die Natur von Mols Bjerge, unsere Einrichtungen wie den beheizten Pool und Minigolf sowie Aktivit\u00e4ten f\u00fcr die ganze Familie. Buchen Sie jetzt!\",\"breadcrumb\":{\"@id\":\"https:\\\/\\\/molsbjergecamping.dk\\\/de\\\/campingplatz\\\/#breadcrumb\"},\"inLanguage\":\"de\",\"potentialAction\":[{\"@type\":\"ReadAction\",\"target\":[\"https:\\\/\\\/molsbjergecamping.dk\\\/de\\\/campingplatz\\\/\"]}]},{\"@type\":\"BreadcrumbList\",\"@id\":\"https:\\\/\\\/molsbjergecamping.dk\\\/de\\\/campingplatz\\\/#breadcrumb\",\"itemListElement\":[{\"@type\":\"ListItem\",\"position\":1,\"name\":\"Home\",\"item\":\"https:\\\/\\\/molsbjergecamping.dk\\\/de\\\/\"},{\"@type\":\"ListItem\",\"position\":2,\"name\":\"Campingplatz\"}]},{\"@type\":\"WebSite\",\"@id\":\"https:\\\/\\\/molsbjergecamping.dk\\\/de\\\/#website\",\"url\":\"https:\\\/\\\/molsbjergecamping.dk\\\/de\\\/\",\"name\":\"Mols Bjerge Camping\",\"description\":\"Midt i Mols Bjerge nationalpark\",\"publisher\":{\"@id\":\"https:\\\/\\\/molsbjergecamping.dk\\\/de\\\/#organization\"},\"potentialAction\":[{\"@type\":\"SearchAction\",\"target\":{\"@type\":\"EntryPoint\",\"urlTemplate\":\"https:\\\/\\\/molsbjergecamping.dk\\\/de\\\/?s={search_term_string}\"},\"query-input\":{\"@type\":\"PropertyValueSpecification\",\"valueRequired\":true,\"valueName\":\"search_term_string\"}}],\"inLanguage\":\"de\"},{\"@type\":\"Organization\",\"@id\":\"https:\\\/\\\/molsbjergecamping.dk\\\/de\\\/#organization\",\"name\":\"Mols Bjerge Camping\",\"url\":\"https:\\\/\\\/molsbjergecamping.dk\\\/de\\\/\",\"logo\":{\"@type\":\"ImageObject\",\"inLanguage\":\"de\",\"@id\":\"https:\\\/\\\/molsbjergecamping.dk\\\/de\\\/#\\\/schema\\\/logo\\\/image\\\/\",\"url\":\"https:\\\/\\\/molsbjergecamping.dk\\\/wp-content\\\/uploads\\\/2025\\\/01\\\/MolsBjergeCamping_LOGO_2linjer-360-px-high.png\",\"contentUrl\":\"https:\\\/\\\/molsbjergecamping.dk\\\/wp-content\\\/uploads\\\/2025\\\/01\\\/MolsBjergeCamping_LOGO_2linjer-360-px-high.png\",\"width\":1047,\"height\":360,\"caption\":\"Mols Bjerge Camping\"},\"image\":{\"@id\":\"https:\\\/\\\/molsbjergecamping.dk\\\/de\\\/#\\\/schema\\\/logo\\\/image\\\/\"}}]}<\/script>\n<!-- \/ Yoast SEO plugin. -->","yoast_head_json":{"title":"Campingplatz inmitten der wundersch\u00f6nen Natur von Djursland | Mols Bjerge Camping","description":"Erleben Sie Camping in Djursland auf Mols Bjerge Camping in der N\u00e4he von Ebeltoft. Genie\u00dfen Sie die Natur von Mols Bjerge, unsere Einrichtungen wie den beheizten Pool und Minigolf sowie Aktivit\u00e4ten f\u00fcr die ganze Familie. Buchen Sie jetzt!","robots":{"index":"index","follow":"follow","max-snippet":"max-snippet:-1","max-image-preview":"max-image-preview:large","max-video-preview":"max-video-preview:-1"},"canonical":"https:\/\/molsbjergecamping.dk\/de\/campingplatz\/","og_locale":"de_DE","og_type":"article","og_title":"Campingplatz inmitten der wundersch\u00f6nen Natur von Djursland | Mols Bjerge Camping","og_description":"Erleben Sie Camping in Djursland auf Mols Bjerge Camping in der N\u00e4he von Ebeltoft. Genie\u00dfen Sie die Natur von Mols Bjerge, unsere Einrichtungen wie den beheizten Pool und Minigolf sowie Aktivit\u00e4ten f\u00fcr die ganze Familie. Buchen Sie jetzt!","og_url":"https:\/\/molsbjergecamping.dk\/de\/campingplatz\/","og_site_name":"Mols Bjerge Camping","article_modified_time":"2025-03-05T08:20:38+00:00","twitter_card":"summary_large_image","twitter_misc":{"Gesch\u00e4tzte Lesezeit":"8\u00a0Minuten"},"schema":{"@context":"https:\/\/schema.org","@graph":[{"@type":"WebPage","@id":"https:\/\/molsbjergecamping.dk\/de\/campingplatz\/","url":"https:\/\/molsbjergecamping.dk\/de\/campingplatz\/","name":"Campingplatz inmitten der wundersch\u00f6nen Natur von Djursland | Mols Bjerge Camping","isPartOf":{"@id":"https:\/\/molsbjergecamping.dk\/de\/#website"},"datePublished":"2025-02-27T11:54:19+00:00","dateModified":"2025-03-05T08:20:38+00:00","description":"Erleben Sie Camping in Djursland auf Mols Bjerge Camping in der N\u00e4he von Ebeltoft. Genie\u00dfen Sie die Natur von Mols Bjerge, unsere Einrichtungen wie den beheizten Pool und Minigolf sowie Aktivit\u00e4ten f\u00fcr die ganze Familie. Buchen Sie jetzt!","breadcrumb":{"@id":"https:\/\/molsbjergecamping.dk\/de\/campingplatz\/#breadcrumb"},"inLanguage":"de","potentialAction":[{"@type":"ReadAction","target":["https:\/\/molsbjergecamping.dk\/de\/campingplatz\/"]}]},{"@type":"BreadcrumbList","@id":"https:\/\/molsbjergecamping.dk\/de\/campingplatz\/#breadcrumb","itemListElement":[{"@type":"ListItem","position":1,"name":"Home","item":"https:\/\/molsbjergecamping.dk\/de\/"},{"@type":"ListItem","position":2,"name":"Campingplatz"}]},{"@type":"WebSite","@id":"https:\/\/molsbjergecamping.dk\/de\/#website","url":"https:\/\/molsbjergecamping.dk\/de\/","name":"Mols Bjerge Camping","description":"Midt i Mols Bjerge nationalpark","publisher":{"@id":"https:\/\/molsbjergecamping.dk\/de\/#organization"},"potentialAction":[{"@type":"SearchAction","target":{"@type":"EntryPoint","urlTemplate":"https:\/\/molsbjergecamping.dk\/de\/?s={search_term_string}"},"query-input":{"@type":"PropertyValueSpecification","valueRequired":true,"valueName":"search_term_string"}}],"inLanguage":"de"},{"@type":"Organization","@id":"https:\/\/molsbjergecamping.dk\/de\/#organization","name":"Mols Bjerge Camping","url":"https:\/\/molsbjergecamping.dk\/de\/","logo":{"@type":"ImageObject","inLanguage":"de","@id":"https:\/\/molsbjergecamping.dk\/de\/#\/schema\/logo\/image\/","url":"https:\/\/molsbjergecamping.dk\/wp-content\/uploads\/2025\/01\/MolsBjergeCamping_LOGO_2linjer-360-px-high.png","contentUrl":"https:\/\/molsbjergecamping.dk\/wp-content\/uploads\/2025\/01\/MolsBjergeCamping_LOGO_2linjer-360-px-high.png","width":1047,"height":360,"caption":"Mols Bjerge Camping"},"image":{"@id":"https:\/\/molsbjergecamping.dk\/de\/#\/schema\/logo\/image\/"}}]}},"_links":{"self":[{"href":"https:\/\/molsbjergecamping.dk\/de\/wp-json\/wp\/v2\/pages\/102156","targetHints":{"allow":["GET"]}}],"collection":[{"href":"https:\/\/molsbjergecamping.dk\/de\/wp-json\/wp\/v2\/pages"}],"about":[{"href":"https:\/\/molsbjergecamping.dk\/de\/wp-json\/wp\/v2\/types\/page"}],"author":[{"embeddable":true,"href":"https:\/\/molsbjergecamping.dk\/de\/wp-json\/wp\/v2\/users\/4"}],"replies":[{"embeddable":true,"href":"https:\/\/molsbjergecamping.dk\/de\/wp-json\/wp\/v2\/comments?post=102156"}],"version-history":[{"count":0,"href":"https:\/\/molsbjergecamping.dk\/de\/wp-json\/wp\/v2\/pages\/102156\/revisions"}],"wp:attachment":[{"href":"https:\/\/molsbjergecamping.dk\/de\/wp-json\/wp\/v2\/media?parent=102156"}],"wp:term":[{"taxonomy":"folder","embeddable":true,"href":"https:\/\/molsbjergecamping.dk\/de\/wp-json\/wp\/v2\/folder?post=102156"}],"curies":[{"name":"wp","href":"https:\/\/api.w.org\/{rel}","templated":true}]}}