{"id":102237,"date":"2024-11-17T14:33:24","date_gmt":"2024-11-17T13:33:24","guid":{"rendered":"https:\/\/molsbjergecamping.dk\/besondere-angebote\/senioren-camping\/"},"modified":"2025-12-15T13:29:16","modified_gmt":"2025-12-15T12:29:16","slug":"senioren-camping","status":"publish","type":"page","link":"https:\/\/molsbjergecamping.dk\/de\/besondere-angebote\/senioren-camping\/","title":{"rendered":"Senioren-Camping"},"content":{"rendered":"<p>[et_pb_section fb_built=&#8220;1&#8243; _builder_version=&#8220;4.27.4&#8243; _module_preset=&#8220;default&#8220; use_background_color_gradient=&#8220;on&#8220; background_color_gradient_direction=&#8220;45deg&#8220; background_color_gradient_stops=&#8220;rgba(0,0,0,0.6) 0%|rgba(0,0,0,0.6) 100%&#8220; background_color_gradient_overlays_image=&#8220;on&#8220; background_image=&#8220;https:\/\/molsbjergecamping.dk\/wp-content\/uploads\/2025\/01\/ESC_CAMPLIFE-2310.jpg&#8220; background_position=&#8220;top_center&#8220; height=&#8220;400px&#8220; height_tablet=&#8220;350px&#8220; height_phone=&#8220;350px&#8220; height_last_edited=&#8220;on|tablet&#8220; global_colors_info=&#8220;{}&#8220;][et_pb_row _builder_version=&#8220;4.17.3&#8243; _module_preset=&#8220;default&#8220; custom_padding=&#8220;||0px||false|false&#8220; global_colors_info=&#8220;{}&#8220;][et_pb_column type=&#8220;4_4&#8243; _builder_version=&#8220;4.17.3&#8243; _module_preset=&#8220;default&#8220; global_colors_info=&#8220;{}&#8220;][et_pb_text _builder_version=&#8220;4.27.4&#8243; _module_preset=&#8220;default&#8220; header_font=&#8220;||||||||&#8220; header_text_color=&#8220;#FFFFFF&#8220; header_2_text_color=&#8220;#FFFFFF&#8220; custom_margin=&#8220;||0px||false|false&#8220; global_colors_info=&#8220;{}&#8220;]<\/p>\n<h1>Seniorencamping in Djursland &#8211; Camping mit Ruhe, Natur und tollen Angeboten<\/h1>\n<p>[\/et_pb_text][\/et_pb_column][\/et_pb_row][et_pb_row _builder_version=&#8220;4.17.3&#8243; _module_preset=&#8220;default&#8220; custom_padding=&#8220;0px||||false|false&#8220; global_colors_info=&#8220;{}&#8220;][et_pb_column type=&#8220;4_4&#8243; _builder_version=&#8220;4.17.3&#8243; _module_preset=&#8220;default&#8220; global_colors_info=&#8220;{}&#8220;][et_pb_divider color=&#8220;gcid-7ce7b00a-a0f7-4559-8af2-0adef5afd391&#8243; _builder_version=&#8220;4.17.3&#8243; _module_preset=&#8220;default&#8220; height=&#8220;0px&#8220; custom_margin=&#8220;||0px||false|false&#8220; custom_padding=&#8220;||||false|false&#8220; global_colors_info=&#8220;{%22gcid-7ce7b00a-a0f7-4559-8af2-0adef5afd391%22:%91%22border_color_right%22,%22color%22%93}&#8220;][\/et_pb_divider][et_pb_divider show_divider=&#8220;off&#8220; admin_label=&#8220;Point right bottom&#8220; module_class=&#8220;dot-right-bottom sub-page-dot&#8220; _builder_version=&#8220;4.17.3&#8243; _module_preset=&#8220;default&#8220; height=&#8220;25px&#8220; border_width_right=&#8220;1px&#8220; border_color_right=&#8220;gcid-7ce7b00a-a0f7-4559-8af2-0adef5afd391&#8243; global_colors_info=&#8220;{%22gcid-7ce7b00a-a0f7-4559-8af2-0adef5afd391%22:%91%22border_color_right%22%93}&#8220;][\/et_pb_divider][\/et_pb_column][\/et_pb_row][\/et_pb_section][et_pb_section fb_built=&#8220;1&#8243; _builder_version=&#8220;4.17.3&#8243; _module_preset=&#8220;default&#8220; custom_margin=&#8220;||0px||false|false&#8220; border_color_all=&#8220;gcid-7ce7b00a-a0f7-4559-8af2-0adef5afd391&#8243; global_colors_info=&#8220;{%22gcid-7ce7b00a-a0f7-4559-8af2-0adef5afd391%22:%91%22border_color_all%22%93}&#8220;][et_pb_row column_structure=&#8220;1_2,1_2&#8243; _builder_version=&#8220;4.17.3&#8243; _module_preset=&#8220;default&#8220; custom_padding=&#8220;50px||35px||false|false&#8220; global_colors_info=&#8220;{}&#8220;][et_pb_column type=&#8220;1_2&#8243; _builder_version=&#8220;4.17.3&#8243; _module_preset=&#8220;default&#8220; custom_padding=&#8220;25px||||false|false&#8220; global_colors_info=&#8220;{}&#8220;][et_pb_text _builder_version=&#8220;4.27.4&#8243; _module_preset=&#8220;default&#8220; global_colors_info=&#8220;{}&#8220;]<\/p>\n<h2>Campingplatz mit Seniorenrabatt<\/h2>\n<p>[\/et_pb_text][et_pb_text _builder_version=&#8220;4.27.4&#8243; _module_preset=&#8220;default&#8220; text_font=&#8220;||||||||&#8220; text_line_height=&#8220;1.8em&#8220; hover_enabled=&#8220;0&#8243; global_colors_info=&#8220;{}&#8220; sticky_enabled=&#8220;0&#8243;]<\/p>\n<p data-start=\"105\" data-end=\"529\">Auf <strong data-start=\"109\" data-end=\"132\">Mols Bjerge Camping<\/strong> bieten wir in der Nebensaison ein gem\u00fctliches und entspannendes Campingerlebnis f\u00fcr diejenigen, die einen Urlaub in ruhiger Umgebung w\u00fcnschen. Unser <g id=\"gid_1\">Seniorencamping in Djursland<\/g> ist auf Camper \u00fcber 55 Jahre zugeschnitten, die auf der Suche nach Intimit\u00e4t, Naturerlebnissen und attraktiven Preisen sind. Als Senior-Camper bei uns genie\u00dfen Sie nicht nur eine friedliche Atmosph\u00e4re, sondern auch vorteilhafte Rabatte, die Ihren Campingurlaub noch attraktiver machen.  <\/p>\n<p data-start=\"531\" data-end=\"949\">Um unsere <strong data-start=\"552\" data-end=\"586\">Campingpl\u00e4tze mit einem Seniorenrabatt<\/strong> nutzen zu k\u00f6nnen, m\u00fcssen entweder Sie oder Ihr Partner 55 Jahre oder \u00e4lter sein. Wenn Sie mindestens 3 N\u00e4chte auf einem Standardstellplatz in Ihrem eigenen Wohnwagen buchen, erhalten Sie eine <g id=\"gid_1\">\u00dcbernachtung f\u00fcr nur 195 DKK pro Nacht f\u00fcr 2 Personen + Stromverbrauch<\/g>. Dies gibt Ihnen die M\u00f6glichkeit, einen tollen Urlaub zu einem g\u00fcnstigen Preis zu genie\u00dfen, bei dem Sie die Natur erkunden, sich entspannen und die Annehmlichkeiten des Campinglebens genie\u00dfen k\u00f6nnen.  <\/p>\n<p>[\/et_pb_text][\/et_pb_column][et_pb_column type=&#8220;1_2&#8243; _builder_version=&#8220;4.17.3&#8243; _module_preset=&#8220;default&#8220; global_colors_info=&#8220;{}&#8220;][et_pb_image src=&#8220;https:\/\/molsbjergecamping.dk\/wp-content\/uploads\/2025\/01\/Krakaer-Camping1_-8-1676&#215;400-1.jpg&#8220; title_text=&#8220;Krakaer Camping1_-8 (1)676&#215;400&#8243; _builder_version=&#8220;4.27.4&#8243; _module_preset=&#8220;default&#8220; animation_style=&#8220;slide&#8220; animation_direction=&#8220;right&#8220; animation_duration=&#8220;1500ms&#8220; animation_delay=&#8220;100ms&#8220; animation_intensity_slide=&#8220;5%&#8220; global_colors_info=&#8220;{}&#8220;][\/et_pb_image][\/et_pb_column][\/et_pb_row][\/et_pb_section][et_pb_section fb_built=&#8220;1&#8243; _builder_version=&#8220;4.27.4&#8243; _module_preset=&#8220;default&#8220; background_color=&#8220;gcid-d70a5a6a-d90d-43f0-b48d-3d8f33a6130e&#8220; global_colors_info=&#8220;{%22gcid-d70a5a6a-d90d-43f0-b48d-3d8f33a6130e%22:%91%22background_color%22%93}&#8220;][et_pb_row column_structure=&#8220;1_2,1_2&#8243; _builder_version=&#8220;4.27.3&#8243; _module_preset=&#8220;default&#8220; global_colors_info=&#8220;{}&#8220;][et_pb_column type=&#8220;1_2&#8243; _builder_version=&#8220;4.27.3&#8243; _module_preset=&#8220;default&#8220; global_colors_info=&#8220;{}&#8220;][et_pb_image src=&#8220;https:\/\/molsbjergecamping.dk\/wp-content\/uploads\/2025\/02\/Krakaer-Camping-66-scaled-e1740656127511.jpg&#8220; title_text=&#8220;Seniorenrabatt Camping&#8220; disabled_on=&#8220;on|on|off&#8220; _builder_version=&#8220;4.27.4&#8243; _module_preset=&#8220;default&#8220; global_colors_info=&#8220;{}&#8220;][\/et_pb_image][\/et_pb_column][et_pb_column type=&#8220;1_2&#8243; _builder_version=&#8220;4.27.3&#8243; _module_preset=&#8220;default&#8220; global_colors_info=&#8220;{}&#8220;][et_pb_heading title=&#8220;Senioren-Campingangebote &#8211; auch f\u00fcr Singles&#8220; _builder_version=&#8220;4.27.4&#8243; _module_preset=&#8220;default&#8220; title_level=&#8220;h4&#8243; title_text_align=&#8220;left&#8220; global_colors_info=&#8220;{}&#8220;][\/et_pb_heading][et_pb_text _builder_version=&#8220;4.27.4&#8243; _module_preset=&#8220;default&#8220; global_colors_info=&#8220;{}&#8220;]<\/p>\n<p data-start=\"1001\" data-end=\"1126\">Au\u00dferdem haben wir zu bestimmten Zeiten attraktive <strong data-start=\"1024\" data-end=\"1048\">Angebote f\u00fcr Seniorencamping<\/strong>, bei denen Sie als Senior noch mehr f\u00fcr Ihr Geld bekommen k\u00f6nnen.<\/p>\n<p data-start=\"1128\" data-end=\"1401\">\u2714 <strong data-start=\"1286\" data-end=\"1318\">Nebensaisonangebot f\u00fcr Singles:<\/strong> Unterkunft f\u00fcr  <strong data-start=\"1335\" data-end=\"1366\">140 DKK + Stromverbrauch pro Nacht <\/strong>wenn Sie mindestens 3 N\u00e4chte buchen.<\/p>\n<p data-start=\"1403\" data-end=\"1603\">Das bedeutet, dass Sie jetzt auch als <strong data-start=\"1426\" data-end=\"1443\">\u00e4lterer Single<\/strong> besonders g\u00fcnstig campen gehen k\u00f6nnen. Eine perfekte Gelegenheit, das Campen allein zu genie\u00dfen &#8211; oder mit neuen und alten Campingfreunden.<\/p>\n<p data-start=\"1605\" data-end=\"1699\">Unsere Seniorenrabatte sind in der Nebensaison g\u00fcltig und k\u00f6nnen nicht w\u00e4hrend  <strong data-start=\"1669\" data-end=\"1696\">Kr. Himmelfahrt und Pfingsten gebucht werden <\/strong>.<\/p>\n<p>[\/et_pb_text][\/et_pb_column][\/et_pb_row][et_pb_row column_structure=&#8220;1_2,1_2&#8243; _builder_version=&#8220;4.27.3&#8243; _module_preset=&#8220;default&#8220; global_colors_info=&#8220;{}&#8220;][et_pb_column type=&#8220;1_2&#8243; _builder_version=&#8220;4.27.3&#8243; _module_preset=&#8220;default&#8220; global_colors_info=&#8220;{}&#8220;][et_pb_heading title=&#8220;Entdecken Sie Djurslands sch\u00f6ne Natur und den Campingplatz in einem gem\u00fctlichen Tempo&#8220; _builder_version=&#8220;4.27.4&#8243; _module_preset=&#8220;default&#8220; title_level=&#8220;h4&#8243; global_colors_info=&#8220;{}&#8220;][\/et_pb_heading][et_pb_text _builder_version=&#8220;4.27.4&#8243; _module_preset=&#8220;default&#8220; global_colors_info=&#8220;{}&#8220;]<\/p>\n<p data-start=\"1767\" data-end=\"2117\">Mols Bjerge Camping liegt inmitten der atemberaubenden Natur von Djursland und ist der ideale Ort f\u00fcr alle, die Ruhe, frische Luft und eine sch\u00f6ne Umgebung sch\u00e4tzen. Ob Sie nun lange Spazierg\u00e4nge im <strong data-start=\"1964\" data-end=\"1992\">Nationalpark Mols Bjerge<\/strong> bevorzugen, mit dem Fahrrad an der K\u00fcste entlang fahren oder einfach nur einen ruhigen Moment an Ihrem Wohnwagen genie\u00dfen m\u00f6chten, bei uns finden Sie eine gro\u00dfartige Basis f\u00fcr Ihren Urlaub. <\/p>\n<p data-start=\"2119\" data-end=\"2328\">Unser Seniorencamping bietet komfortable Einrichtungen, eine gem\u00fctliche Atmosph\u00e4re und eine Gemeinschaft, in der Sie Gleichgesinnte treffen k\u00f6nnen. Genie\u00dfen Sie einen entspannten Campingurlaub mit g\u00fcnstigen Preisen und Zeit f\u00fcr die Dinge, die Ihnen am wichtigsten sind. <\/p>\n<p data-start=\"2330\" data-end=\"2406\" data-is-last-node=\"\" data-is-only-node=\"\">Buchen Sie noch heute Ihren Aufenthalt und erleben Sie die Vorteile des <strong data-start=\"2375\" data-end=\"2405\">Seniorencamping in Djursland<\/strong>!<\/p>\n<p>[\/et_pb_text][\/et_pb_column][et_pb_column type=&#8220;1_2&#8243; _builder_version=&#8220;4.27.3&#8243; _module_preset=&#8220;default&#8220; global_colors_info=&#8220;{}&#8220;][et_pb_image src=&#8220;https:\/\/molsbjergecamping.dk\/wp-content\/uploads\/2025\/02\/Esbjerg-Camping_logo-10.jpg&#8220; title_text=&#8220;Esbjerg Camping_logo-10&#8243; _builder_version=&#8220;4.27.4&#8243; _module_preset=&#8220;default&#8220; locked=&#8220;off&#8220; global_colors_info=&#8220;{}&#8220;][\/et_pb_image][\/et_pb_column][\/et_pb_row][\/et_pb_section][et_pb_section fb_built=&#8220;1&#8243; disabled_on=&#8220;on|on|on&#8220; _builder_version=&#8220;4.27.4&#8243; _module_preset=&#8220;default&#8220; disabled=&#8220;on&#8220; global_colors_info=&#8220;{}&#8220;][et_pb_row _builder_version=&#8220;4.27.3&#8243; _module_preset=&#8220;default&#8220; global_colors_info=&#8220;{}&#8220;][et_pb_column type=&#8220;4_4&#8243; _builder_version=&#8220;4.27.3&#8243; _module_preset=&#8220;default&#8220; global_colors_info=&#8220;{}&#8220;][et_pb_heading title=&#8220;Lesen Sie mehr \u00fcber die Sehensw\u00fcrdigkeiten in der N\u00e4he des Platzes&#8220; _builder_version=&#8220;4.27.3&#8243; _module_preset=&#8220;default&#8220; title_level=&#8220;h4&#8243; title_text_align=&#8220;left&#8220; global_colors_info=&#8220;{}&#8220;][\/et_pb_heading][\/et_pb_column][\/et_pb_row][\/et_pb_section]<\/p>\n","protected":false},"excerpt":{"rendered":"<p>Seniorencamping in Djursland &#8211; Camping mit Ruhe, Natur und tollen AngebotenCampingplatz mit SeniorenrabattAuf Mols Bjerge Camping bieten wir in der Nebensaison ein gem\u00fctliches und entspannendes Campingerlebnis f\u00fcr diejenigen, die einen Urlaub in ruhiger Umgebung w\u00fcnschen. Unser Seniorencamping in Djursland ist auf Camper \u00fcber 55 Jahre zugeschnitten, die auf der Suche nach Intimit\u00e4t, Naturerlebnissen und attraktiven [&hellip;]<\/p>\n","protected":false},"author":1,"featured_media":0,"parent":102226,"menu_order":0,"comment_status":"closed","ping_status":"closed","template":"","meta":{"_et_pb_use_builder":"on","_et_pb_old_content":"","_et_gb_content_width":"","footnotes":""},"folder":[],"class_list":["post-102237","page","type-page","status-publish","hentry"],"yoast_head":"<!-- This site is optimized with the Yoast SEO plugin v27.4 - https:\/\/yoast.com\/product\/yoast-seo-wordpress\/ -->\n<title>Seniorencamping in Djursland | Ruhiges &amp; g\u00fcnstiges Camping in Ebeltoft<\/title>\n<meta name=\"description\" content=\"Genie\u00dfen Sie Seniorencamping auf Mols Bjerge Camping in Ebeltoft - Teil von Camp Bendixen in Djursland. Erleben Sie Ruhe, eine malerische Umgebung und g\u00fcnstige Preise f\u00fcr Senioren. Perfekt f\u00fcr einen erholsamen Campingurlaub!\" \/>\n<meta name=\"robots\" content=\"index, follow, max-snippet:-1, max-image-preview:large, max-video-preview:-1\" \/>\n<link rel=\"canonical\" href=\"https:\/\/molsbjergecamping.dk\/de\/besondere-angebote\/senioren-camping\/\" \/>\n<meta property=\"og:locale\" content=\"de_DE\" \/>\n<meta property=\"og:type\" content=\"article\" \/>\n<meta property=\"og:title\" content=\"Seniorencamping in Djursland | Ruhiges &amp; g\u00fcnstiges Camping in Ebeltoft\" \/>\n<meta property=\"og:description\" content=\"Genie\u00dfen Sie Seniorencamping auf Mols Bjerge Camping in Ebeltoft - Teil von Camp Bendixen in Djursland. Erleben Sie Ruhe, eine malerische Umgebung und g\u00fcnstige Preise f\u00fcr Senioren. Perfekt f\u00fcr einen erholsamen Campingurlaub!\" \/>\n<meta property=\"og:url\" content=\"https:\/\/molsbjergecamping.dk\/de\/besondere-angebote\/senioren-camping\/\" \/>\n<meta property=\"og:site_name\" content=\"Mols Bjerge Camping\" \/>\n<meta property=\"article:modified_time\" content=\"2025-12-15T12:29:16+00:00\" \/>\n<meta name=\"twitter:card\" content=\"summary_large_image\" \/>\n<meta name=\"twitter:label1\" content=\"Gesch\u00e4tzte Lesezeit\" \/>\n\t<meta name=\"twitter:data1\" content=\"6\u00a0Minuten\" \/>\n<script type=\"application\/ld+json\" class=\"yoast-schema-graph\">{\"@context\":\"https:\\\/\\\/schema.org\",\"@graph\":[{\"@type\":\"WebPage\",\"@id\":\"https:\\\/\\\/molsbjergecamping.dk\\\/de\\\/besondere-angebote\\\/senioren-camping\\\/\",\"url\":\"https:\\\/\\\/molsbjergecamping.dk\\\/de\\\/besondere-angebote\\\/senioren-camping\\\/\",\"name\":\"Seniorencamping in Djursland | Ruhiges & g\u00fcnstiges Camping in Ebeltoft\",\"isPartOf\":{\"@id\":\"https:\\\/\\\/molsbjergecamping.dk\\\/de\\\/#website\"},\"datePublished\":\"2024-11-17T13:33:24+00:00\",\"dateModified\":\"2025-12-15T12:29:16+00:00\",\"description\":\"Genie\u00dfen Sie Seniorencamping auf Mols Bjerge Camping in Ebeltoft - Teil von Camp Bendixen in Djursland. Erleben Sie Ruhe, eine malerische Umgebung und g\u00fcnstige Preise f\u00fcr Senioren. Perfekt f\u00fcr einen erholsamen Campingurlaub!\",\"breadcrumb\":{\"@id\":\"https:\\\/\\\/molsbjergecamping.dk\\\/de\\\/besondere-angebote\\\/senioren-camping\\\/#breadcrumb\"},\"inLanguage\":\"de\",\"potentialAction\":[{\"@type\":\"ReadAction\",\"target\":[\"https:\\\/\\\/molsbjergecamping.dk\\\/de\\\/besondere-angebote\\\/senioren-camping\\\/\"]}]},{\"@type\":\"BreadcrumbList\",\"@id\":\"https:\\\/\\\/molsbjergecamping.dk\\\/de\\\/besondere-angebote\\\/senioren-camping\\\/#breadcrumb\",\"itemListElement\":[{\"@type\":\"ListItem\",\"position\":1,\"name\":\"Home\",\"item\":\"https:\\\/\\\/molsbjergecamping.dk\\\/de\\\/\"},{\"@type\":\"ListItem\",\"position\":2,\"name\":\"Besondere Angebote\",\"item\":\"https:\\\/\\\/molsbjergecamping.dk\\\/de\\\/besondere-angebote\\\/\"},{\"@type\":\"ListItem\",\"position\":3,\"name\":\"Senioren-Camping\"}]},{\"@type\":\"WebSite\",\"@id\":\"https:\\\/\\\/molsbjergecamping.dk\\\/de\\\/#website\",\"url\":\"https:\\\/\\\/molsbjergecamping.dk\\\/de\\\/\",\"name\":\"Mols Bjerge Camping\",\"description\":\"Midt i Mols Bjerge nationalpark\",\"publisher\":{\"@id\":\"https:\\\/\\\/molsbjergecamping.dk\\\/de\\\/#organization\"},\"potentialAction\":[{\"@type\":\"SearchAction\",\"target\":{\"@type\":\"EntryPoint\",\"urlTemplate\":\"https:\\\/\\\/molsbjergecamping.dk\\\/de\\\/?s={search_term_string}\"},\"query-input\":{\"@type\":\"PropertyValueSpecification\",\"valueRequired\":true,\"valueName\":\"search_term_string\"}}],\"inLanguage\":\"de\"},{\"@type\":\"Organization\",\"@id\":\"https:\\\/\\\/molsbjergecamping.dk\\\/de\\\/#organization\",\"name\":\"Mols Bjerge Camping\",\"url\":\"https:\\\/\\\/molsbjergecamping.dk\\\/de\\\/\",\"logo\":{\"@type\":\"ImageObject\",\"inLanguage\":\"de\",\"@id\":\"https:\\\/\\\/molsbjergecamping.dk\\\/de\\\/#\\\/schema\\\/logo\\\/image\\\/\",\"url\":\"https:\\\/\\\/molsbjergecamping.dk\\\/wp-content\\\/uploads\\\/2025\\\/01\\\/MolsBjergeCamping_LOGO_2linjer-360-px-high.png\",\"contentUrl\":\"https:\\\/\\\/molsbjergecamping.dk\\\/wp-content\\\/uploads\\\/2025\\\/01\\\/MolsBjergeCamping_LOGO_2linjer-360-px-high.png\",\"width\":1047,\"height\":360,\"caption\":\"Mols Bjerge Camping\"},\"image\":{\"@id\":\"https:\\\/\\\/molsbjergecamping.dk\\\/de\\\/#\\\/schema\\\/logo\\\/image\\\/\"}}]}<\/script>\n<!-- \/ Yoast SEO plugin. -->","yoast_head_json":{"title":"Seniorencamping in Djursland | Ruhiges & g\u00fcnstiges Camping in Ebeltoft","description":"Genie\u00dfen Sie Seniorencamping auf Mols Bjerge Camping in Ebeltoft - Teil von Camp Bendixen in Djursland. Erleben Sie Ruhe, eine malerische Umgebung und g\u00fcnstige Preise f\u00fcr Senioren. Perfekt f\u00fcr einen erholsamen Campingurlaub!","robots":{"index":"index","follow":"follow","max-snippet":"max-snippet:-1","max-image-preview":"max-image-preview:large","max-video-preview":"max-video-preview:-1"},"canonical":"https:\/\/molsbjergecamping.dk\/de\/besondere-angebote\/senioren-camping\/","og_locale":"de_DE","og_type":"article","og_title":"Seniorencamping in Djursland | Ruhiges & g\u00fcnstiges Camping in Ebeltoft","og_description":"Genie\u00dfen Sie Seniorencamping auf Mols Bjerge Camping in Ebeltoft - Teil von Camp Bendixen in Djursland. Erleben Sie Ruhe, eine malerische Umgebung und g\u00fcnstige Preise f\u00fcr Senioren. Perfekt f\u00fcr einen erholsamen Campingurlaub!","og_url":"https:\/\/molsbjergecamping.dk\/de\/besondere-angebote\/senioren-camping\/","og_site_name":"Mols Bjerge Camping","article_modified_time":"2025-12-15T12:29:16+00:00","twitter_card":"summary_large_image","twitter_misc":{"Gesch\u00e4tzte Lesezeit":"6\u00a0Minuten"},"schema":{"@context":"https:\/\/schema.org","@graph":[{"@type":"WebPage","@id":"https:\/\/molsbjergecamping.dk\/de\/besondere-angebote\/senioren-camping\/","url":"https:\/\/molsbjergecamping.dk\/de\/besondere-angebote\/senioren-camping\/","name":"Seniorencamping in Djursland | Ruhiges & g\u00fcnstiges Camping in Ebeltoft","isPartOf":{"@id":"https:\/\/molsbjergecamping.dk\/de\/#website"},"datePublished":"2024-11-17T13:33:24+00:00","dateModified":"2025-12-15T12:29:16+00:00","description":"Genie\u00dfen Sie Seniorencamping auf Mols Bjerge Camping in Ebeltoft - Teil von Camp Bendixen in Djursland. Erleben Sie Ruhe, eine malerische Umgebung und g\u00fcnstige Preise f\u00fcr Senioren. Perfekt f\u00fcr einen erholsamen Campingurlaub!","breadcrumb":{"@id":"https:\/\/molsbjergecamping.dk\/de\/besondere-angebote\/senioren-camping\/#breadcrumb"},"inLanguage":"de","potentialAction":[{"@type":"ReadAction","target":["https:\/\/molsbjergecamping.dk\/de\/besondere-angebote\/senioren-camping\/"]}]},{"@type":"BreadcrumbList","@id":"https:\/\/molsbjergecamping.dk\/de\/besondere-angebote\/senioren-camping\/#breadcrumb","itemListElement":[{"@type":"ListItem","position":1,"name":"Home","item":"https:\/\/molsbjergecamping.dk\/de\/"},{"@type":"ListItem","position":2,"name":"Besondere Angebote","item":"https:\/\/molsbjergecamping.dk\/de\/besondere-angebote\/"},{"@type":"ListItem","position":3,"name":"Senioren-Camping"}]},{"@type":"WebSite","@id":"https:\/\/molsbjergecamping.dk\/de\/#website","url":"https:\/\/molsbjergecamping.dk\/de\/","name":"Mols Bjerge Camping","description":"Midt i Mols Bjerge nationalpark","publisher":{"@id":"https:\/\/molsbjergecamping.dk\/de\/#organization"},"potentialAction":[{"@type":"SearchAction","target":{"@type":"EntryPoint","urlTemplate":"https:\/\/molsbjergecamping.dk\/de\/?s={search_term_string}"},"query-input":{"@type":"PropertyValueSpecification","valueRequired":true,"valueName":"search_term_string"}}],"inLanguage":"de"},{"@type":"Organization","@id":"https:\/\/molsbjergecamping.dk\/de\/#organization","name":"Mols Bjerge Camping","url":"https:\/\/molsbjergecamping.dk\/de\/","logo":{"@type":"ImageObject","inLanguage":"de","@id":"https:\/\/molsbjergecamping.dk\/de\/#\/schema\/logo\/image\/","url":"https:\/\/molsbjergecamping.dk\/wp-content\/uploads\/2025\/01\/MolsBjergeCamping_LOGO_2linjer-360-px-high.png","contentUrl":"https:\/\/molsbjergecamping.dk\/wp-content\/uploads\/2025\/01\/MolsBjergeCamping_LOGO_2linjer-360-px-high.png","width":1047,"height":360,"caption":"Mols Bjerge Camping"},"image":{"@id":"https:\/\/molsbjergecamping.dk\/de\/#\/schema\/logo\/image\/"}}]}},"_links":{"self":[{"href":"https:\/\/molsbjergecamping.dk\/de\/wp-json\/wp\/v2\/pages\/102237","targetHints":{"allow":["GET"]}}],"collection":[{"href":"https:\/\/molsbjergecamping.dk\/de\/wp-json\/wp\/v2\/pages"}],"about":[{"href":"https:\/\/molsbjergecamping.dk\/de\/wp-json\/wp\/v2\/types\/page"}],"author":[{"embeddable":true,"href":"https:\/\/molsbjergecamping.dk\/de\/wp-json\/wp\/v2\/users\/1"}],"replies":[{"embeddable":true,"href":"https:\/\/molsbjergecamping.dk\/de\/wp-json\/wp\/v2\/comments?post=102237"}],"version-history":[{"count":10,"href":"https:\/\/molsbjergecamping.dk\/de\/wp-json\/wp\/v2\/pages\/102237\/revisions"}],"predecessor-version":[{"id":104672,"href":"https:\/\/molsbjergecamping.dk\/de\/wp-json\/wp\/v2\/pages\/102237\/revisions\/104672"}],"up":[{"embeddable":true,"href":"https:\/\/molsbjergecamping.dk\/de\/wp-json\/wp\/v2\/pages\/102226"}],"wp:attachment":[{"href":"https:\/\/molsbjergecamping.dk\/de\/wp-json\/wp\/v2\/media?parent=102237"}],"wp:term":[{"taxonomy":"folder","embeddable":true,"href":"https:\/\/molsbjergecamping.dk\/de\/wp-json\/wp\/v2\/folder?post=102237"}],"curies":[{"name":"wp","href":"https:\/\/api.w.org\/{rel}","templated":true}]}}