{"id":102441,"date":"2024-11-17T14:31:44","date_gmt":"2024-11-17T13:31:44","guid":{"rendered":"https:\/\/molsbjergecamping.dk\/das-quadrat\/aktivitaetskalender\/"},"modified":"2025-06-23T19:11:33","modified_gmt":"2025-06-23T18:11:33","slug":"aktivitaetskalender","status":"publish","type":"page","link":"https:\/\/molsbjergecamping.dk\/de\/das-quadrat\/aktivitaetskalender\/","title":{"rendered":"Aktivit\u00e4tskalender"},"content":{"rendered":"<p>[et_pb_section fb_built=&#8220;1&#8243; _builder_version=&#8220;4.27.4&#8243; _module_preset=&#8220;default&#8220; use_background_color_gradient=&#8220;on&#8220; background_color_gradient_direction=&#8220;45deg&#8220; background_color_gradient_stops=&#8220;rgba(0,0,0,0.6) 0%|rgba(0,0,0,0.6) 100%&#8220; background_color_gradient_overlays_image=&#8220;on&#8220; background_image=&#8220;https:\/\/molsbjergecamping.dk\/wp-content\/uploads\/2025\/01\/DSC01942-1920&#215;840-1.jpg&#8220; height=&#8220;400px&#8220; height_tablet=&#8220;350px&#8220; height_phone=&#8220;350px&#8220; height_last_edited=&#8220;on|tablet&#8220; global_colors_info=&#8220;{}&#8220;][et_pb_row _builder_version=&#8220;4.17.3&#8243; _module_preset=&#8220;default&#8220; custom_padding=&#8220;||0px||false|false&#8220; global_colors_info=&#8220;{}&#8220;][et_pb_column type=&#8220;4_4&#8243; _builder_version=&#8220;4.17.3&#8243; _module_preset=&#8220;default&#8220; global_colors_info=&#8220;{}&#8220;][et_pb_text _builder_version=&#8220;4.27.3&#8243; _module_preset=&#8220;default&#8220; header_font=&#8220;||||||||&#8220; header_text_color=&#8220;#FFFFFF&#8220; header_2_text_color=&#8220;#FFFFFF&#8220; custom_margin=&#8220;||0px||false|false&#8220; border_color_all=&#8220;gcid-7ce7b00a-a0f7-4559-8af2-0adef5afd391&#8243; global_colors_info=&#8220;{%22gcid-7ce7b00a-a0f7-4559-8af2-0adef5afd391%22:%91%22border_color_all%22%93}&#8220;]<\/p>\n<h1>Aktivit\u00e4tskalender<\/h1>\n<p>[\/et_pb_text][\/et_pb_column][\/et_pb_row][et_pb_row _builder_version=&#8220;4.17.3&#8243; _module_preset=&#8220;default&#8220; custom_padding=&#8220;0px||||false|false&#8220; global_colors_info=&#8220;{}&#8220;][et_pb_column type=&#8220;4_4&#8243; _builder_version=&#8220;4.17.3&#8243; _module_preset=&#8220;default&#8220; global_colors_info=&#8220;{}&#8220;][et_pb_divider color=&#8220;gcid-7ce7b00a-a0f7-4559-8af2-0adef5afd391&#8243; _builder_version=&#8220;4.17.3&#8243; _module_preset=&#8220;default&#8220; height=&#8220;0px&#8220; custom_margin=&#8220;||0px||false|false&#8220; custom_padding=&#8220;||||false|false&#8220; global_colors_info=&#8220;{%22gcid-7ce7b00a-a0f7-4559-8af2-0adef5afd391%22:%91%22border_color_right%22,%22color%22%93}&#8220;][\/et_pb_divider][et_pb_divider show_divider=&#8220;off&#8220; admin_label=&#8220;Point right bottom&#8220; module_class=&#8220;dot-right-bottom sub-page-dot&#8220; _builder_version=&#8220;4.17.3&#8243; _module_preset=&#8220;default&#8220; height=&#8220;25px&#8220; border_width_right=&#8220;1px&#8220; border_color_right=&#8220;gcid-7ce7b00a-a0f7-4559-8af2-0adef5afd391&#8243; global_colors_info=&#8220;{%22gcid-7ce7b00a-a0f7-4559-8af2-0adef5afd391%22:%91%22border_color_right%22%93}&#8220;][\/et_pb_divider][\/et_pb_column][\/et_pb_row][\/et_pb_section][et_pb_section fb_built=&#8220;1&#8243; _builder_version=&#8220;4.17.3&#8243; _module_preset=&#8220;default&#8220; background_image=&#8220;https:\/\/molsbjergecamping.dk\/wp-content\/uploads\/2024\/10\/corner-dots-left-top.png&#8220; background_size=&#8220;initial&#8220; background_position=&#8220;top_left&#8220; background_last_edited=&#8220;on|tablet&#8220; background_enable_image_tablet=&#8220;off&#8220; global_colors_info=&#8220;{}&#8220;][et_pb_row _builder_version=&#8220;4.27.3&#8243; _module_preset=&#8220;default&#8220; custom_padding=&#8220;0px||0px||true|false&#8220; global_colors_info=&#8220;{}&#8220;][et_pb_column type=&#8220;4_4&#8243; _builder_version=&#8220;4.17.3&#8243; _module_preset=&#8220;default&#8220; custom_padding=&#8220;25px||||false|false&#8220; global_colors_info=&#8220;{}&#8220;][et_pb_text _builder_version=&#8220;4.27.4&#8243; _module_preset=&#8220;default&#8220; text_font=&#8220;||||||||&#8220; text_line_height=&#8220;1.8em&#8220; global_colors_info=&#8220;{}&#8220;]<\/p>\n<p>Auf dieser Seite k\u00f6nnen Sie sehen, welche Aktivit\u00e4ten wir vor Ort anbieten.<\/p>\n<p>Der Aktivit\u00e4tskalender wird st\u00e4ndig mit lustigen und aufregenden Aktivit\u00e4ten aktualisiert, also behalten Sie ihn im Auge oder laden Sie die GoVisit App herunter und melden Sie sich bei Mols Bjerge Camping an, damit Sie unseren Aktivit\u00e4tskalender immer zur Hand haben.<\/p>\n<p>Wir behalten uns das Recht vor, \u00c4nderungen aufgrund von Krankheit, Wetter und unvorhergesehenen Ereignissen usw. vorzunehmen.<\/p>\n<p>&nbsp;<\/p>\n<p>[\/et_pb_text][et_pb_code _builder_version=&#8220;4.27.4&#8243; _module_preset=&#8220;default&#8220; hover_enabled=&#8220;0&#8243; global_colors_info=&#8220;{}&#8220; sticky_enabled=&#8220;0&#8243;]<iframe loading=\"lazy\" id=\"webcalenderv2\" src=\"https:\/\/login.govisit.dk\/webcalendarpagev2?ID=8913&amp;Backgroundcolor=ffffff&amp;view=daily&amp;pagesize=5&amp;lang=de\" width=\"100%\" height=\"1450\" scrolling=\"no\" frameborder=\"0\" title=\"Ebeltoft Strand Camping\"><!-- [et_pb_line_break_holder] -->    <\/iframe><!-- [et_pb_line_break_holder] --><script> var eventMethod = window.addEventListener ? \"addEventListener\" : \"attachEvent\";<!-- [et_pb_line_break_holder] --> var eventer = window[eventMethod];<!-- [et_pb_line_break_holder] --> var messageEvent = eventMethod == \"attachEvent\" ? \"onmessage\" : \"message\";<!-- [et_pb_line_break_holder] --> <!-- [et_pb_line_break_holder] --> \/\/ Listen to message from child window <!-- [et_pb_line_break_holder] --> eventer(messageEvent, function (e)<!-- [et_pb_line_break_holder] --> { var iframe = document.getElementById(\"webcalenderv2\");<!-- [et_pb_line_break_holder] --> iframe.style.height = e.data + 'px';<!-- [et_pb_line_break_holder] --> }, false); <\/script><!-- [et_pb_line_break_holder] --> <!-- [et_pb_line_break_holder] --><script> window.addEventListener('message', function(event)<!-- [et_pb_line_break_holder] -->{ if (event.data === 'getParentUrl') { const origin = event.origin; const iframeWindow = event.source;<!-- [et_pb_line_break_holder] -->iframeWindow.postMessage({ type: 'parentUrl', url: window.location.href }, origin); }<!-- [et_pb_line_break_holder] -->if (typeof event.data === 'object' && event.data.type === 'setEventID')<!-- [et_pb_line_break_holder] -->{ const eventName = event.data.eventName; const newUrl = new URL(window.location.href);<!-- [et_pb_line_break_holder] -->newUrl.searchParams.set('openEventID', eventName);<!-- [et_pb_line_break_holder] -->window.history.replaceState({}, '', newUrl.toString()); } });<!-- [et_pb_line_break_holder] --><\/script>[\/et_pb_code][\/et_pb_column][\/et_pb_row][\/et_pb_section]<\/p>\n","protected":false},"excerpt":{"rendered":"<p>Aktivit\u00e4tskalenderAuf dieser Seite k\u00f6nnen Sie sehen, welche Aktivit\u00e4ten wir vor Ort anbieten. Der Aktivit\u00e4tskalender wird st\u00e4ndig mit lustigen und aufregenden Aktivit\u00e4ten aktualisiert, also behalten Sie ihn im Auge oder laden Sie die GoVisit App herunter und melden Sie sich bei Mols Bjerge Camping an, damit Sie unseren Aktivit\u00e4tskalender immer zur Hand haben. Wir behalten uns [&hellip;]<\/p>\n","protected":false},"author":1,"featured_media":0,"parent":102215,"menu_order":0,"comment_status":"closed","ping_status":"closed","template":"","meta":{"_et_pb_use_builder":"on","_et_pb_old_content":"","_et_gb_content_width":"","footnotes":""},"folder":[],"class_list":["post-102441","page","type-page","status-publish","hentry"],"yoast_head":"<!-- This site is optimized with the Yoast SEO plugin v27.4 - https:\/\/yoast.com\/product\/yoast-seo-wordpress\/ -->\n<title>Aktivit\u00e4tskalender | Veranstaltungen &amp; Aktivit\u00e4ten auf Mols Bjerge Camping<\/title>\n<meta name=\"description\" content=\"Schauen Sie sich unseren Aktivit\u00e4tskalender f\u00fcr Mols Bjerge Camping bei Ebeltoft und Djursland an! Finden Sie spannende Veranstaltungen, Familienaktivit\u00e4ten und Erlebnisse in malerischer Umgebung. Planen Sie Ihren Urlaub noch heute!\" \/>\n<meta name=\"robots\" content=\"index, follow, max-snippet:-1, max-image-preview:large, max-video-preview:-1\" \/>\n<link rel=\"canonical\" href=\"https:\/\/molsbjergecamping.dk\/de\/das-quadrat\/aktivitaetskalender\/\" \/>\n<meta property=\"og:locale\" content=\"de_DE\" \/>\n<meta property=\"og:type\" content=\"article\" \/>\n<meta property=\"og:title\" content=\"Aktivit\u00e4tskalender | Veranstaltungen &amp; Aktivit\u00e4ten auf Mols Bjerge Camping\" \/>\n<meta property=\"og:description\" content=\"Schauen Sie sich unseren Aktivit\u00e4tskalender f\u00fcr Mols Bjerge Camping bei Ebeltoft und Djursland an! Finden Sie spannende Veranstaltungen, Familienaktivit\u00e4ten und Erlebnisse in malerischer Umgebung. Planen Sie Ihren Urlaub noch heute!\" \/>\n<meta property=\"og:url\" content=\"https:\/\/molsbjergecamping.dk\/de\/das-quadrat\/aktivitaetskalender\/\" \/>\n<meta property=\"og:site_name\" content=\"Mols Bjerge Camping\" \/>\n<meta property=\"article:modified_time\" content=\"2025-06-23T18:11:33+00:00\" \/>\n<meta name=\"twitter:card\" content=\"summary_large_image\" \/>\n<meta name=\"twitter:label1\" content=\"Gesch\u00e4tzte Lesezeit\" \/>\n\t<meta name=\"twitter:data1\" content=\"2\u00a0Minuten\" \/>\n<script type=\"application\/ld+json\" class=\"yoast-schema-graph\">{\"@context\":\"https:\\\/\\\/schema.org\",\"@graph\":[{\"@type\":\"WebPage\",\"@id\":\"https:\\\/\\\/molsbjergecamping.dk\\\/de\\\/das-quadrat\\\/aktivitaetskalender\\\/\",\"url\":\"https:\\\/\\\/molsbjergecamping.dk\\\/de\\\/das-quadrat\\\/aktivitaetskalender\\\/\",\"name\":\"Aktivit\u00e4tskalender | Veranstaltungen & Aktivit\u00e4ten auf Mols Bjerge Camping\",\"isPartOf\":{\"@id\":\"https:\\\/\\\/molsbjergecamping.dk\\\/de\\\/#website\"},\"datePublished\":\"2024-11-17T13:31:44+00:00\",\"dateModified\":\"2025-06-23T18:11:33+00:00\",\"description\":\"Schauen Sie sich unseren Aktivit\u00e4tskalender f\u00fcr Mols Bjerge Camping bei Ebeltoft und Djursland an! Finden Sie spannende Veranstaltungen, Familienaktivit\u00e4ten und Erlebnisse in malerischer Umgebung. Planen Sie Ihren Urlaub noch heute!\",\"breadcrumb\":{\"@id\":\"https:\\\/\\\/molsbjergecamping.dk\\\/de\\\/das-quadrat\\\/aktivitaetskalender\\\/#breadcrumb\"},\"inLanguage\":\"de\",\"potentialAction\":[{\"@type\":\"ReadAction\",\"target\":[\"https:\\\/\\\/molsbjergecamping.dk\\\/de\\\/das-quadrat\\\/aktivitaetskalender\\\/\"]}]},{\"@type\":\"BreadcrumbList\",\"@id\":\"https:\\\/\\\/molsbjergecamping.dk\\\/de\\\/das-quadrat\\\/aktivitaetskalender\\\/#breadcrumb\",\"itemListElement\":[{\"@type\":\"ListItem\",\"position\":1,\"name\":\"Home\",\"item\":\"https:\\\/\\\/molsbjergecamping.dk\\\/de\\\/\"},{\"@type\":\"ListItem\",\"position\":2,\"name\":\"Campingplatz\",\"item\":\"https:\\\/\\\/molsbjergecamping.dk\\\/de\\\/das-quadrat\\\/\"},{\"@type\":\"ListItem\",\"position\":3,\"name\":\"Aktivit\u00e4tskalender\"}]},{\"@type\":\"WebSite\",\"@id\":\"https:\\\/\\\/molsbjergecamping.dk\\\/de\\\/#website\",\"url\":\"https:\\\/\\\/molsbjergecamping.dk\\\/de\\\/\",\"name\":\"Mols Bjerge Camping\",\"description\":\"Midt i Mols Bjerge nationalpark\",\"publisher\":{\"@id\":\"https:\\\/\\\/molsbjergecamping.dk\\\/de\\\/#organization\"},\"potentialAction\":[{\"@type\":\"SearchAction\",\"target\":{\"@type\":\"EntryPoint\",\"urlTemplate\":\"https:\\\/\\\/molsbjergecamping.dk\\\/de\\\/?s={search_term_string}\"},\"query-input\":{\"@type\":\"PropertyValueSpecification\",\"valueRequired\":true,\"valueName\":\"search_term_string\"}}],\"inLanguage\":\"de\"},{\"@type\":\"Organization\",\"@id\":\"https:\\\/\\\/molsbjergecamping.dk\\\/de\\\/#organization\",\"name\":\"Mols Bjerge Camping\",\"url\":\"https:\\\/\\\/molsbjergecamping.dk\\\/de\\\/\",\"logo\":{\"@type\":\"ImageObject\",\"inLanguage\":\"de\",\"@id\":\"https:\\\/\\\/molsbjergecamping.dk\\\/de\\\/#\\\/schema\\\/logo\\\/image\\\/\",\"url\":\"https:\\\/\\\/molsbjergecamping.dk\\\/wp-content\\\/uploads\\\/2025\\\/01\\\/MolsBjergeCamping_LOGO_2linjer-360-px-high.png\",\"contentUrl\":\"https:\\\/\\\/molsbjergecamping.dk\\\/wp-content\\\/uploads\\\/2025\\\/01\\\/MolsBjergeCamping_LOGO_2linjer-360-px-high.png\",\"width\":1047,\"height\":360,\"caption\":\"Mols Bjerge Camping\"},\"image\":{\"@id\":\"https:\\\/\\\/molsbjergecamping.dk\\\/de\\\/#\\\/schema\\\/logo\\\/image\\\/\"}}]}<\/script>\n<!-- \/ Yoast SEO plugin. -->","yoast_head_json":{"title":"Aktivit\u00e4tskalender | Veranstaltungen & Aktivit\u00e4ten auf Mols Bjerge Camping","description":"Schauen Sie sich unseren Aktivit\u00e4tskalender f\u00fcr Mols Bjerge Camping bei Ebeltoft und Djursland an! Finden Sie spannende Veranstaltungen, Familienaktivit\u00e4ten und Erlebnisse in malerischer Umgebung. Planen Sie Ihren Urlaub noch heute!","robots":{"index":"index","follow":"follow","max-snippet":"max-snippet:-1","max-image-preview":"max-image-preview:large","max-video-preview":"max-video-preview:-1"},"canonical":"https:\/\/molsbjergecamping.dk\/de\/das-quadrat\/aktivitaetskalender\/","og_locale":"de_DE","og_type":"article","og_title":"Aktivit\u00e4tskalender | Veranstaltungen & Aktivit\u00e4ten auf Mols Bjerge Camping","og_description":"Schauen Sie sich unseren Aktivit\u00e4tskalender f\u00fcr Mols Bjerge Camping bei Ebeltoft und Djursland an! Finden Sie spannende Veranstaltungen, Familienaktivit\u00e4ten und Erlebnisse in malerischer Umgebung. Planen Sie Ihren Urlaub noch heute!","og_url":"https:\/\/molsbjergecamping.dk\/de\/das-quadrat\/aktivitaetskalender\/","og_site_name":"Mols Bjerge Camping","article_modified_time":"2025-06-23T18:11:33+00:00","twitter_card":"summary_large_image","twitter_misc":{"Gesch\u00e4tzte Lesezeit":"2\u00a0Minuten"},"schema":{"@context":"https:\/\/schema.org","@graph":[{"@type":"WebPage","@id":"https:\/\/molsbjergecamping.dk\/de\/das-quadrat\/aktivitaetskalender\/","url":"https:\/\/molsbjergecamping.dk\/de\/das-quadrat\/aktivitaetskalender\/","name":"Aktivit\u00e4tskalender | Veranstaltungen & Aktivit\u00e4ten auf Mols Bjerge Camping","isPartOf":{"@id":"https:\/\/molsbjergecamping.dk\/de\/#website"},"datePublished":"2024-11-17T13:31:44+00:00","dateModified":"2025-06-23T18:11:33+00:00","description":"Schauen Sie sich unseren Aktivit\u00e4tskalender f\u00fcr Mols Bjerge Camping bei Ebeltoft und Djursland an! Finden Sie spannende Veranstaltungen, Familienaktivit\u00e4ten und Erlebnisse in malerischer Umgebung. Planen Sie Ihren Urlaub noch heute!","breadcrumb":{"@id":"https:\/\/molsbjergecamping.dk\/de\/das-quadrat\/aktivitaetskalender\/#breadcrumb"},"inLanguage":"de","potentialAction":[{"@type":"ReadAction","target":["https:\/\/molsbjergecamping.dk\/de\/das-quadrat\/aktivitaetskalender\/"]}]},{"@type":"BreadcrumbList","@id":"https:\/\/molsbjergecamping.dk\/de\/das-quadrat\/aktivitaetskalender\/#breadcrumb","itemListElement":[{"@type":"ListItem","position":1,"name":"Home","item":"https:\/\/molsbjergecamping.dk\/de\/"},{"@type":"ListItem","position":2,"name":"Campingplatz","item":"https:\/\/molsbjergecamping.dk\/de\/das-quadrat\/"},{"@type":"ListItem","position":3,"name":"Aktivit\u00e4tskalender"}]},{"@type":"WebSite","@id":"https:\/\/molsbjergecamping.dk\/de\/#website","url":"https:\/\/molsbjergecamping.dk\/de\/","name":"Mols Bjerge Camping","description":"Midt i Mols Bjerge nationalpark","publisher":{"@id":"https:\/\/molsbjergecamping.dk\/de\/#organization"},"potentialAction":[{"@type":"SearchAction","target":{"@type":"EntryPoint","urlTemplate":"https:\/\/molsbjergecamping.dk\/de\/?s={search_term_string}"},"query-input":{"@type":"PropertyValueSpecification","valueRequired":true,"valueName":"search_term_string"}}],"inLanguage":"de"},{"@type":"Organization","@id":"https:\/\/molsbjergecamping.dk\/de\/#organization","name":"Mols Bjerge Camping","url":"https:\/\/molsbjergecamping.dk\/de\/","logo":{"@type":"ImageObject","inLanguage":"de","@id":"https:\/\/molsbjergecamping.dk\/de\/#\/schema\/logo\/image\/","url":"https:\/\/molsbjergecamping.dk\/wp-content\/uploads\/2025\/01\/MolsBjergeCamping_LOGO_2linjer-360-px-high.png","contentUrl":"https:\/\/molsbjergecamping.dk\/wp-content\/uploads\/2025\/01\/MolsBjergeCamping_LOGO_2linjer-360-px-high.png","width":1047,"height":360,"caption":"Mols Bjerge Camping"},"image":{"@id":"https:\/\/molsbjergecamping.dk\/de\/#\/schema\/logo\/image\/"}}]}},"_links":{"self":[{"href":"https:\/\/molsbjergecamping.dk\/de\/wp-json\/wp\/v2\/pages\/102441","targetHints":{"allow":["GET"]}}],"collection":[{"href":"https:\/\/molsbjergecamping.dk\/de\/wp-json\/wp\/v2\/pages"}],"about":[{"href":"https:\/\/molsbjergecamping.dk\/de\/wp-json\/wp\/v2\/types\/page"}],"author":[{"embeddable":true,"href":"https:\/\/molsbjergecamping.dk\/de\/wp-json\/wp\/v2\/users\/1"}],"replies":[{"embeddable":true,"href":"https:\/\/molsbjergecamping.dk\/de\/wp-json\/wp\/v2\/comments?post=102441"}],"version-history":[{"count":8,"href":"https:\/\/molsbjergecamping.dk\/de\/wp-json\/wp\/v2\/pages\/102441\/revisions"}],"predecessor-version":[{"id":104284,"href":"https:\/\/molsbjergecamping.dk\/de\/wp-json\/wp\/v2\/pages\/102441\/revisions\/104284"}],"up":[{"embeddable":true,"href":"https:\/\/molsbjergecamping.dk\/de\/wp-json\/wp\/v2\/pages\/102215"}],"wp:attachment":[{"href":"https:\/\/molsbjergecamping.dk\/de\/wp-json\/wp\/v2\/media?parent=102441"}],"wp:term":[{"taxonomy":"folder","embeddable":true,"href":"https:\/\/molsbjergecamping.dk\/de\/wp-json\/wp\/v2\/folder?post=102441"}],"curies":[{"name":"wp","href":"https:\/\/api.w.org\/{rel}","templated":true}]}}